{"id":11020,"date":"2024-12-31T02:02:34","date_gmt":"2024-12-31T01:02:34","guid":{"rendered":"https:\/\/kobietamiesiaca.pl\/?page_id=11020"},"modified":"2025-02-28T16:00:53","modified_gmt":"2025-02-28T15:00:53","slug":"test","status":"publish","type":"page","link":"https:\/\/kobietamiesiaca.pl\/","title":{"rendered":""},"content":{"rendered":"\n<h1 class=\"wp-block-heading has-text-align-center\"><strong><em>Plebiscyt Kobieta Miesi\u0105ca<\/em><\/strong><\/h1>\n\n\n\n<div class=\"wp-block-media-text alignwide is-stacked-on-mobile\" style=\"grid-template-columns:20% auto\"><figure class=\"wp-block-media-text__media\"><img loading=\"lazy\" decoding=\"async\" width=\"150\" height=\"150\" src=\"https:\/\/kobietamiesiaca.pl\/wp-content\/uploads\/km-e1670368356879.png\" alt=\"\" class=\"wp-image-1292 size-full\" srcset=\"https:\/\/kobietamiesiaca.pl\/wp-content\/uploads\/km-e1670368356879.png 150w, https:\/\/kobietamiesiaca.pl\/wp-content\/uploads\/km-e1670368356879-60x60.png 60w\" sizes=\"auto, (max-width: 150px) 100vw, 150px\" \/><\/figure><div class=\"wp-block-media-text__content\">\n<p><em><strong>KOBIETA MIESI\u0104CA<\/strong> to plebiscyt dla kobiet z ca\u0142ej Polski, kt\u00f3ry ma na celu pokazanie Kandydatkom, \u017ce s\u0105 warto\u015bciowe. Ta zabawa sprawia, \u017ce Kandydatki czuj\u0105 si\u0119 <strong>wyj\u0105tkowe i wyr\u00f3\u017cnione<\/strong>.<\/em><\/p>\n<\/div><\/div>\n\n\n\n<div class=\"wp-block-media-text alignwide has-media-on-the-right is-stacked-on-mobile\" style=\"grid-template-columns:auto 15%\"><div class=\"wp-block-media-text__content\">\n<p><em>Dla tych, kt\u00f3re zawsze chcia\u0142y spr\u00f3bowa\u0107 swoich si\u0142 w konkursach pi\u0119kno\u015bci, ale nie mia\u0142y do tej pory takiej mo\u017cliwo\u015bci lub brakowa\u0142o im odwagi. Jest on skierowany do kobiet <strong>w ka\u017cdym wieku<\/strong>.<\/em><\/p>\n<\/div><figure class=\"wp-block-media-text__media\"><img decoding=\"async\" src=\"https:\/\/kobietamiesiaca.pl\/wp-content\/uploads\/queen.png\" alt=\"\" class=\"wp-image-554 size-full\"\/><\/figure><\/div>\n\n\n\n<div class=\"wp-block-media-text alignwide is-stacked-on-mobile\" style=\"grid-template-columns:25% auto\"><figure class=\"wp-block-media-text__media\"><img loading=\"lazy\" decoding=\"async\" width=\"1024\" height=\"690\" src=\"https:\/\/kobietamiesiaca.pl\/wp-content\/uploads\/2025\/02\/alice-alinari-E-3qLqSyQ5E-unsplash-scaled-1-1024x690.jpg\" alt=\"\" class=\"wp-image-11639 size-full\"\/><\/figure><div class=\"wp-block-media-text__content\">\n<p><em>Plebiscyt ten swoj\u0105 pierwsz\u0105 edycj\u0119 rozpocz\u0105\u0142 w lipcu 2013 roku. Celem powstania tego wydarzenia by\u0142a ch\u0119\u0107 sprawienia, aby na twarzach kobiet pojawia\u0142 si\u0119 u\u015bmiech.<\/em><\/p>\n<\/div><\/div>\n\n\n\n<hr class=\"wp-block-separator has-alpha-channel-opacity is-style-wide\"\/>\n\n\n\n<h2 class=\"wp-block-heading has-text-align-center\"><\/h2>\n","protected":false},"excerpt":{"rendered":"<p>Plebiscyt Kobieta Miesi\u0105ca KOBIETA MIESI\u0104CA to plebiscyt dla kobiet z ca\u0142ej Polski, kt\u00f3ry ma na<\/p>\n","protected":false},"author":1,"featured_media":0,"parent":0,"menu_order":0,"comment_status":"closed","ping_status":"closed","template":"","meta":{"cybocfi_hide_featured_image":"","footnotes":""},"coauthors":[31],"class_list":["post-11020","page","type-page","status-publish","hentry"],"_links":{"self":[{"href":"https:\/\/kobietamiesiaca.pl\/index.php?rest_route=\/wp\/v2\/pages\/11020","targetHints":{"allow":["GET"]}}],"collection":[{"href":"https:\/\/kobietamiesiaca.pl\/index.php?rest_route=\/wp\/v2\/pages"}],"about":[{"href":"https:\/\/kobietamiesiaca.pl\/index.php?rest_route=\/wp\/v2\/types\/page"}],"author":[{"embeddable":true,"href":"https:\/\/kobietamiesiaca.pl\/index.php?rest_route=\/wp\/v2\/users\/1"}],"replies":[{"embeddable":true,"href":"https:\/\/kobietamiesiaca.pl\/index.php?rest_route=%2Fwp%2Fv2%2Fcomments&post=11020"}],"version-history":[{"count":51,"href":"https:\/\/kobietamiesiaca.pl\/index.php?rest_route=\/wp\/v2\/pages\/11020\/revisions"}],"predecessor-version":[{"id":11650,"href":"https:\/\/kobietamiesiaca.pl\/index.php?rest_route=\/wp\/v2\/pages\/11020\/revisions\/11650"}],"wp:attachment":[{"href":"https:\/\/kobietamiesiaca.pl\/index.php?rest_route=%2Fwp%2Fv2%2Fmedia&parent=11020"}],"wp:term":[{"taxonomy":"author","embeddable":true,"href":"https:\/\/kobietamiesiaca.pl\/index.php?rest_route=%2Fwp%2Fv2%2Fcoauthors&post=11020"}],"curies":[{"name":"wp","href":"https:\/\/api.w.org\/{rel}","templated":true}]}}