{"id":13341,"date":"2025-10-22T02:24:59","date_gmt":"2025-10-22T00:24:59","guid":{"rendered":"https:\/\/kobietamiesiaca.pl\/?page_id=13341"},"modified":"2025-10-22T02:25:00","modified_gmt":"2025-10-22T00:25:00","slug":"zasady","status":"publish","type":"page","link":"https:\/\/kobietamiesiaca.pl\/?page_id=13341","title":{"rendered":"Zasady"},"content":{"rendered":"\n<h2 class=\"wp-block-heading has-text-align-center\"><em>Plebiscyt \u201eKobieta Miesi\u0105ca&#8221;: dlaczego istnieje i co dla Ciebie znaczy<\/em><\/h2>\n\n\n\n<p><em><strong>Plebiscyt Kobieta Miesi\u0105ca<\/strong> to inicjatywa skierowana do wszystkich kobiet w Polsce, kt\u00f3re nosz\u0105 w sobie pasj\u0119, pomys\u0142 albo zwyk\u0142\u0105 codzienn\u0105 histori\u0119 &#8211; histori\u0119, kt\u00f3ra zas\u0142uguje na zauwa\u017cenie. Jest to Plebiscyt dla kobiet z ca\u0142ej Polski, kt\u00f3ry ma na celu pokazanie Kandydatkom, \u017ce s\u0105 warto\u015bciowe. Ta zabawa sprawia, \u017ce Kandydatki czuj\u0105 si\u0119 wyj\u0105tkowe i wyr\u00f3\u017cnione.\u00a0<\/em><\/p>\n\n\n\n<p><em>Za\u0142o\u017cony w lipcu 2013 roku (pierwsza edycja) plebiscyt powsta\u0142 z my\u015bl\u0105 o tym, by na twarzach kobiet zn\u00f3w pojawi\u0142 si\u0119 u\u015bmiech \u2014 by mog\u0142y poczu\u0107 si\u0119 dostrze\u017cone, docenione i maj\u0105ce wp\u0142yw.\u00a0<\/em><\/p>\n\n\n\n<p><em>Bo \u201ekobieta miesi\u0105ca&#8221; to nie tylko tytu\u0142 \u2014 to znak, \u017ce Twoje dzia\u0142ania, Twoje wybory, Twoja historia maj\u0105 znaczenie.<\/em><\/p>\n\n\n\n<hr class=\"wp-block-separator has-alpha-channel-opacity is-style-dots\"\/>\n\n\n\n<h2 class=\"wp-block-heading has-text-align-center\"><em>Jak to dzia\u0142a \u2013 krok po kroku<\/em><\/h2>\n\n\n\n<p><strong><em>Ka\u017cdego miesi\u0105ca odbywa si\u0119 nowa edycja:<\/em><\/strong><\/p>\n\n\n\n<ul class=\"wp-block-list\">\n<li><em><strong>od 1-go do 10-tego dnia<\/strong> &#8211; nab\u00f3r zg\u0142osze\u0144: kobiety w r\u00f3\u017cnym wieku i w r\u00f3\u017cnych rolach \u017cycia mog\u0105 zg\u0142osi\u0107 siebie, swoj\u0105 histori\u0119, swoje dokonania.<\/em><\/li>\n\n\n\n<li><em><strong>od 11-tego do 17-tego dnia<\/strong> &#8211; g\u0142osowanie Jury oraz g\u0142osowanie spo\u0142eczno\u015bciowe: Jurorzy wybieraj\u0105 Kobi\u0119t\u0119 Miesi\u0105ca, u\u017cytkowniczki i u\u017cytkownicy wybieraj\u0105 kandydatk\u0119, kt\u00f3ra wed\u0142ug nich zas\u0142uguje na wyr\u00f3\u017cnienie.<\/em><\/li>\n\n\n\n<li><em><strong>18-tego dnia lub kr\u00f3tko po nim<\/strong> &#8211; og\u0142oszenie wynik\u00f3w: zwyci\u0119\u017cczyni miesi\u0105ca jest og\u0142aszana  i staje si\u0119 cz\u0119\u015bci\u0105 archiwum inspiruj\u0105cych historii.<\/em><\/li>\n<\/ul>\n\n\n\n<p><em>Dzi\u0119ki temu cyklowi ka\u017cda edycja ma struktur\u0119, ale te\u017c przyjazny rytm \u2013 nie jest spraw\u0105 jednorazow\u0105. W ka\u017cdej chwili mo\u017cna do\u0142\u0105czy\u0107 lub obserwowa\u0107 \u2014 i poczu\u0107, \u017ce jeste\u015b cz\u0119\u015bci\u0105 czego\u015b wi\u0119kszego.<\/em><\/p>\n\n\n\n<hr class=\"wp-block-separator has-alpha-channel-opacity is-style-dots\"\/>\n\n\n\n<h2 class=\"wp-block-heading has-text-align-center\"><em>Dlaczego warto wzi\u0105\u0107 udzia\u0142 albo zag\u0142osowa\u0107<\/em><\/h2>\n\n\n\n<p><em>Dla kandydatki udzia\u0142 to:<\/em><\/p>\n\n\n\n<ul class=\"wp-block-list\">\n<li><em><strong>mo\u017cliwo\u015b\u0107 pokazania siebie \u015bwiatu<\/strong> &#8211; \u201eMam co\u015b do powiedzenia&#8221;, \u201eMoja historia ma warto\u015b\u0107&#8221;.<\/em><\/li>\n\n\n\n<li><em>wsparcie spo\u0142eczno\u015bci &#8211; gdy zostajesz opublikowana w plebiscycie, <strong>stajesz si\u0119 cz\u0119\u015bci\u0105 wi\u0119kszego ruchu kobiet<\/strong>, kt\u00f3re inspiruj\u0105.<\/em><\/li>\n<\/ul>\n\n\n\n<p><em>Dla g\u0142osuj\u0105cych to:<\/em><\/p>\n\n\n\n<ul class=\"wp-block-list\">\n<li><em>realny wp\u0142yw &#8211; mo\u017cesz odda\u0107 <strong>g\u0142os, kt\u00f3ry zmieni wynik<\/strong>.<\/em><\/li>\n\n\n\n<li><em><strong>wsp\u00f3lnota i pozytywna energia<\/strong> &#8211; wspierasz kobiety, kt\u00f3re dzia\u0142aj\u0105, robi\u0105 co\u015b dla innych, rozwijaj\u0105 si\u0119.<\/em><\/li>\n<\/ul>\n\n\n\n<hr class=\"wp-block-separator has-alpha-channel-opacity is-style-dots\"\/>\n\n\n\n<h2 class=\"wp-block-heading has-text-align-center\"><em>Co nas wyr\u00f3\u017cnia<\/em><\/h2>\n\n\n\n<p><em>Plebiscyt nie skupia si\u0119 tylko na wygl\u0105dzie czy pokazie. Jego idea to docenienie warto\u015bci, dzia\u0142ania i przyczynienia si\u0119 do spo\u0142eczno\u015bci. To platforma, kt\u00f3ra podkre\u015bla: \u201e<strong>Twoje \u017cycie te\u017c mo\u017ce by\u0107 inspiracj\u0105<\/strong>&#8222;.<\/em><\/p>\n\n\n\n<p><em>Ponadto:<\/em><\/p>\n\n\n\n<ul class=\"wp-block-list\">\n<li><em><strong>dzia\u0142a od wielu lat<\/strong> &#8211; archiwum laureatek i edycji pokazuje realny dorobek projektu. \u00a0<\/em><\/li>\n\n\n\n<li><em><strong>jest otwarty dla wszystkich kobiet<\/strong> &#8211; niezale\u017cnie od wieku, zawodu, miejsca zamieszkania.<\/em><\/li>\n\n\n\n<li><em>\u0142\u0105czy zabaw\u0119 (plebiscyt, g\u0142osowanie) z powa\u017cnym przes\u0142aniem: widzie\u0107, wspiera\u0107, inspirowa\u0107.<\/em><\/li>\n<\/ul>\n\n\n\n<hr class=\"wp-block-separator has-alpha-channel-opacity is-style-dots\"\/>\n\n\n\n<h2 class=\"wp-block-heading has-text-align-center\"><em>Nasza wizja &#8211; w skr\u00f3cie<\/em><\/h2>\n\n\n\n<p><em><strong>Kobieta Miesi\u0105ca<\/strong> to miejsce, gdzie ka\u017cda kobieta mo\u017ce by\u0107 bohaterk\u0105 swojej historii, a ka\u017cda osoba, kt\u00f3ra g\u0142osuje, mo\u017ce by\u0107 bohaterem wsparcia. To przestrze\u0144, w kt\u00f3rej moc wyboru spotyka si\u0119 z moc\u0105 bycia widzialnym. <strong>Wierzymy, \u017ce ka\u017cda kobieta ma co\u015b wyj\u0105tkowego<\/strong> &#8211; czasem tylko brakuje chwili, by to pokaza\u0107. A nasz plebiscyt daje tak\u0105 chwil\u0119.<\/em><\/p>\n\n\n\n<p><\/p>\n","protected":false},"excerpt":{"rendered":"<p>Plebiscyt \u201eKobieta Miesi\u0105ca&#8221;: dlaczego istnieje i co dla Ciebie znaczy Plebiscyt Kobieta Miesi\u0105ca to inicjatywa<\/p>\n","protected":false},"author":1,"featured_media":0,"parent":0,"menu_order":0,"comment_status":"closed","ping_status":"closed","template":"","meta":{"cybocfi_hide_featured_image":"","footnotes":""},"coauthors":[31],"class_list":["post-13341","page","type-page","status-publish","hentry"],"_links":{"self":[{"href":"https:\/\/kobietamiesiaca.pl\/index.php?rest_route=\/wp\/v2\/pages\/13341","targetHints":{"allow":["GET"]}}],"collection":[{"href":"https:\/\/kobietamiesiaca.pl\/index.php?rest_route=\/wp\/v2\/pages"}],"about":[{"href":"https:\/\/kobietamiesiaca.pl\/index.php?rest_route=\/wp\/v2\/types\/page"}],"author":[{"embeddable":true,"href":"https:\/\/kobietamiesiaca.pl\/index.php?rest_route=\/wp\/v2\/users\/1"}],"replies":[{"embeddable":true,"href":"https:\/\/kobietamiesiaca.pl\/index.php?rest_route=%2Fwp%2Fv2%2Fcomments&post=13341"}],"version-history":[{"count":1,"href":"https:\/\/kobietamiesiaca.pl\/index.php?rest_route=\/wp\/v2\/pages\/13341\/revisions"}],"predecessor-version":[{"id":13342,"href":"https:\/\/kobietamiesiaca.pl\/index.php?rest_route=\/wp\/v2\/pages\/13341\/revisions\/13342"}],"wp:attachment":[{"href":"https:\/\/kobietamiesiaca.pl\/index.php?rest_route=%2Fwp%2Fv2%2Fmedia&parent=13341"}],"wp:term":[{"taxonomy":"author","embeddable":true,"href":"https:\/\/kobietamiesiaca.pl\/index.php?rest_route=%2Fwp%2Fv2%2Fcoauthors&post=13341"}],"curies":[{"name":"wp","href":"https:\/\/api.w.org\/{rel}","templated":true}]}}