{"id":33,"date":"2022-09-18T20:03:58","date_gmt":"2022-09-18T20:03:58","guid":{"rendered":"https:\/\/kobietamiesiaca.pl\/?page_id=33"},"modified":"2024-01-28T03:47:45","modified_gmt":"2024-01-28T02:47:45","slug":"kontakt","status":"publish","type":"page","link":"https:\/\/kobietamiesiaca.pl\/?page_id=33","title":{"rendered":"KONTAKT"},"content":{"rendered":"\n<h1 class=\"wp-block-heading has-text-align-center\"><em>Kontakt<\/em><\/h1>\n\n\n\n<hr class=\"wp-block-separator has-alpha-channel-opacity is-style-dots\"\/>\n\n\n\n<div class=\"wp-block-media-text alignwide is-stacked-on-mobile\" style=\"grid-template-columns:30% auto\"><figure class=\"wp-block-media-text__media\"><img decoding=\"async\" src=\"https:\/\/kobietamiesiaca.pl\/wp-content\/uploads\/marketins-1-1024x683.jpg\" alt=\"\" class=\"wp-image-389 size-full\"\/><\/figure><div class=\"wp-block-media-text__content\">\n<ul class=\"wp-block-list\" style=\"font-size:15px\">\n<li><em>Jeste\u015b<strong> blogerk\u0105 \/ influencerk\u0105<\/strong>, masz ciekawe pomys\u0142y i lubisz dzia\u0142a\u0107 w social mediach?<\/em><\/li>\n<\/ul>\n\n\n\n<ul class=\"wp-block-list\" style=\"font-size:15px\">\n<li><em>Chcesz <strong>promowa\u0107 swoj\u0105 mark\u0119<\/strong>, zwi\u0119kszy\u0107 zasi\u0119gi, dotrze\u0107 do <strong>wi\u0119kszego grona<\/strong> kobiet i interesuje Ci\u0119 wsp\u00f3\u0142praca z nami? <\/em><\/li>\n<\/ul>\n\n\n\n<ul class=\"wp-block-list\" style=\"font-size:15px\">\n<li><em>Jeste\u015b <strong>w\u0142a\u015bcicielem<\/strong> portalu \/ strony dla kobiet (i nie tylko), chcia\u0142aby\u015b do\u0142\u0105czy\u0107 do nas w roli <strong>partnera medialnego<\/strong>? <\/em><\/li>\n<\/ul>\n\n\n\n<h4 class=\"wp-block-heading has-text-align-center\"><\/h4>\n<\/div><\/div>\n\n\n\n<h4 class=\"wp-block-heading has-text-align-center\"><\/h4>\n\n\n\n<figure class=\"wp-block-image aligncenter size-full\"><img loading=\"lazy\" decoding=\"async\" width=\"614\" height=\"190\" src=\"https:\/\/kobietamiesiaca.pl\/wp-content\/uploads\/napisz.png\" alt=\"\" class=\"wp-image-1964\" srcset=\"https:\/\/kobietamiesiaca.pl\/wp-content\/uploads\/napisz.png 614w, https:\/\/kobietamiesiaca.pl\/wp-content\/uploads\/napisz-300x93.png 300w, https:\/\/kobietamiesiaca.pl\/wp-content\/uploads\/napisz-150x46.png 150w, https:\/\/kobietamiesiaca.pl\/wp-content\/uploads\/napisz-194x60.png 194w\" sizes=\"auto, (max-width: 614px) 100vw, 614px\" \/><\/figure>\n\n\n\n<p><\/p>\n\n\n\n<p class=\"has-text-align-center has-small-font-size\"><em>By\u0107 mo\u017ce uda nam si\u0119 znale\u017a\u0107 wsp\u00f3lny j\u0119zyk i rozpoczniemy wsp\u00f3\u0142prac\u0119. <\/em><\/p>\n\n\n\n<p class=\"has-text-align-center has-small-font-size\"><em>Wiadomo\u015bci dotycz\u0105ce wsp\u00f3\u0142pracy prosimy kierowa\u0107 na adres mailowy: <\/em><\/p>\n\n\n\n<h4 class=\"wp-block-heading has-text-align-center has-medium-font-size\"><em><strong>marketing@kobietamiesiaca.pl<\/strong><\/em><\/h4>\n\n\n\n<hr class=\"wp-block-separator has-alpha-channel-opacity is-style-dots\"\/>\n\n\n\n<div class=\"wp-block-media-text alignwide is-stacked-on-mobile\" style=\"grid-template-columns:30% auto\"><figure class=\"wp-block-media-text__media\"><img decoding=\"async\" src=\"https:\/\/kobietamiesiaca.pl\/wp-content\/uploads\/redakcja-1-1024x683.jpg\" alt=\"\" class=\"wp-image-391 size-full\"\/><\/figure><div class=\"wp-block-media-text__content\">\n<p><\/p>\n\n\n\n<p class=\"has-text-align-center\" style=\"font-size:15px\"><em>Natomiast wszystkie kobiety, kt\u00f3re marz\u0105 aby <strong>zasi\u0105\u015b\u0107 w gronie Jury<\/strong>, maj\u0105 ciekawe zainteresowania\/pasje i chc\u0105 spr\u00f3bowa\u0107 swoich si\u0142 w takiej roli prosimy o przesy\u0142anie zapyta\u0144 dotycz\u0105cych wsp\u00f3\u0142pracy na nasz redakcyjny adres mailowy:<\/em><\/p>\n\n\n\n<h4 class=\"wp-block-heading has-text-align-center has-medium-font-size\"><em><em><strong>kontakt@kobietamiesiaca.pl<\/strong><\/em><\/em><\/h4>\n<\/div><\/div>\n\n\n\n<p class=\"has-text-align-center\"><\/p>\n\n\n\n<p class=\"has-text-align-center\"><\/p>\n\n\n\n<hr class=\"wp-block-separator has-alpha-channel-opacity is-style-dots\"\/>\n\n\n\n<p class=\"has-text-align-center\"><\/p>\n\n\n\n<div class=\"wp-block-media-text alignwide is-stacked-on-mobile\" style=\"grid-template-columns:30% auto\"><figure class=\"wp-block-media-text__media\"><img decoding=\"async\" src=\"https:\/\/kobietamiesiaca.pl\/wp-content\/uploads\/it-1-1024x678.jpg\" alt=\"\" class=\"wp-image-390 size-full\"\/><\/figure><div class=\"wp-block-media-text__content\">\n<p style=\"font-size:15px\"> <p class=\"has-text-align-center\" style=\"font-size:15px\"><em><em>Na wszelkie pytania\/problemy zwi\u0105zane z plebiscytem lub nasz\u0105 stron\u0105 internetow\u0105 odpowiedzi udzieli Ci nasz zesp\u00f3\u0142 techniczny. Wiadomo\u015bci prosimy kierowa\u0107 na adres:<\/em><\/em><\/p><\/p>\n\n\n\n<h4 class=\"wp-block-heading has-text-align-center\"><em><strong>it@kobietamiesiaca.pl<\/strong><\/em><\/h4>\n<\/div><\/div>\n\n\n\n<p class=\"has-text-align-center\"><\/p>\n\n\n\n<hr class=\"wp-block-separator has-alpha-channel-opacity is-style-wide\"\/>\n","protected":false},"excerpt":{"rendered":"<p>Kontakt By\u0107 mo\u017ce uda nam si\u0119 znale\u017a\u0107 wsp\u00f3lny j\u0119zyk i rozpoczniemy wsp\u00f3\u0142prac\u0119. Wiadomo\u015bci dotycz\u0105ce wsp\u00f3\u0142pracy<\/p>\n","protected":false},"author":1,"featured_media":0,"parent":0,"menu_order":0,"comment_status":"closed","ping_status":"closed","template":"","meta":{"cybocfi_hide_featured_image":"","footnotes":""},"coauthors":[33],"class_list":["post-33","page","type-page","status-publish","hentry"],"_links":{"self":[{"href":"https:\/\/kobietamiesiaca.pl\/index.php?rest_route=\/wp\/v2\/pages\/33","targetHints":{"allow":["GET"]}}],"collection":[{"href":"https:\/\/kobietamiesiaca.pl\/index.php?rest_route=\/wp\/v2\/pages"}],"about":[{"href":"https:\/\/kobietamiesiaca.pl\/index.php?rest_route=\/wp\/v2\/types\/page"}],"author":[{"embeddable":true,"href":"https:\/\/kobietamiesiaca.pl\/index.php?rest_route=\/wp\/v2\/users\/1"}],"replies":[{"embeddable":true,"href":"https:\/\/kobietamiesiaca.pl\/index.php?rest_route=%2Fwp%2Fv2%2Fcomments&post=33"}],"version-history":[{"count":25,"href":"https:\/\/kobietamiesiaca.pl\/index.php?rest_route=\/wp\/v2\/pages\/33\/revisions"}],"predecessor-version":[{"id":6196,"href":"https:\/\/kobietamiesiaca.pl\/index.php?rest_route=\/wp\/v2\/pages\/33\/revisions\/6196"}],"wp:attachment":[{"href":"https:\/\/kobietamiesiaca.pl\/index.php?rest_route=%2Fwp%2Fv2%2Fmedia&parent=33"}],"wp:term":[{"taxonomy":"author","embeddable":true,"href":"https:\/\/kobietamiesiaca.pl\/index.php?rest_route=%2Fwp%2Fv2%2Fcoauthors&post=33"}],"curies":[{"name":"wp","href":"https:\/\/api.w.org\/{rel}","templated":true}]}}